{"id":522,"date":"2017-05-22T15:56:47","date_gmt":"2017-05-22T15:56:47","guid":{"rendered":"http:\/\/corporate-clown.com\/about\/"},"modified":"2018-05-09T12:21:27","modified_gmt":"2018-05-09T12:21:27","slug":"about","status":"publish","type":"page","link":"https:\/\/michaelgueulette.com\/es\/about\/","title":{"rendered":"About"},"content":{"rendered":"<p>[et_pb_section bb_built=\u00bb1&#8243; admin_label=\u00bbsection\u00bb][et_pb_row background_position=\u00bbtop_left\u00bb background_repeat=\u00bbrepeat\u00bb background_size=\u00bbinitial\u00bb][et_pb_column type=\u00bb4_4&#8243;][et_pb_text background_layout=\u00bblight\u00bb text_orientation=\u00bbleft\u00bb use_border_color=\u00bboff\u00bb border_color=\u00bb#ffffff\u00bb border_style=\u00bbsolid\u00bb module_alignment=\u00bbleft\u00bb background_position=\u00bbtop_left\u00bb background_repeat=\u00bbrepeat\u00bb background_size=\u00bbinitial\u00bb]<\/p>\n<h3 style=\"text-align: center;\">About<\/h3>\n<h1 style=\"text-align: center;\">Micha\u00ebl Gueulette<\/h1>\n<p>[\/et_pb_text][\/et_pb_column][\/et_pb_row][et_pb_row admin_label=\u00bbrow\u00bb background_position=\u00bbtop_left\u00bb background_repeat=\u00bbrepeat\u00bb background_size=\u00bbinitial\u00bb][et_pb_column type=\u00bb1_2&#8243;][et_pb_text background_layout=\u00bblight\u00bb border_style=\u00bbsolid\u00bb module_alignment=\u00bbleft\u00bb background_position=\u00bbtop_left\u00bb background_repeat=\u00bbrepeat\u00bb background_size=\u00bbinitial\u00bb _builder_version=\u00bb3.0.75&#8243;]<\/p>\n<p>A pesar de hablar <strong>6 idiomas diariamente, Micha\u00ebl eligi\u00f3 actuar en escenarios de todo el mundo y construir una carrera de \u00e9xito sin decir una palabra.<\/strong><\/p>\n<p>No limit\u00f3 su desaf\u00edo en no hablar, tambi\u00e9n decidi\u00f3 actuar <strong>sin ninguna demostraci\u00f3n t\u00e9cnica, sin (casi) ning\u00fan material y sin ser grosero con su p\u00fablico &#8230; esta experiencia lo ha llevado a explorar habilidades esenciales en la comunicaci\u00f3n.<\/strong><\/p>\n<p>Ahora, Micha\u00ebl decidi\u00f3 que era hora de hablar y compartir su experiencia \u00fanica y las valiosas lecciones que ha estado aprendiendo tocando en festivales, teatros, cruceros, hospitales, calles y TV para <strong>capacitar a las personas para liderar y comunicarse de manera m\u00e1s efectiva.<\/strong><\/p>\n<p><strong>Inspirado por el mundo de la magia y de los clowns<\/strong>, Micha\u00ebl ha creado su arte como un payaso visual llamado \u00ab<a href=\"http:\/\/gromic.eu\/es\">Gromic<\/a>\u00ab. Sus espect\u00e1culos de comedia visual ganan los corazones de sus espectadores y <strong>cruzan las barreras del lenguaje y la edad.<\/strong><\/p>\n<p>Dedicado a contribuir a mejorar el arte \u00aben vivo\u00bb, Micha\u00ebl contribuye al Master en Gesti\u00f3n Cultural de la Universidad de Girona (Espa\u00f1a). All\u00ed, comparte sus experiencias como artista profesional y ofrece soluciones pr\u00e1cticas para aquellos destinados a las profesiones de gesti\u00f3n cultural.<\/p>\n<p><strong>Micha\u00ebl admite que uno de sus sue\u00f1os es reconciliar al p\u00fablico con el arte del payaso y ha creado programas como \u00abserpayaso.com\u00bb para ayudar a miles de personas talentosas en todo el mundo a desarrollar actuaciones de calidad y hacer sonre\u00edr con m\u00e1s conciencia y valor.<\/strong><\/p>\n<p>Comprometido con su misi\u00f3n de recordar la belleza de la experiencia humana y hacer sonre\u00edr a los espectadores, ahora Micha\u00ebl Gueulette ayuda a los l\u00edderes y sus compa\u00f1eros a aumentar su presencia en el escenario<\/p>\n<p>[\/et_pb_text][\/et_pb_column][et_pb_column type=\u00bb1_2&#8243;][et_pb_image src=\u00bbhttps:\/\/michaelgueulette.com\/wp-content\/uploads\/2017\/05\/02_M1.jpg\u00bb show_in_lightbox=\u00bboff\u00bb url_new_window=\u00bboff\u00bb use_overlay=\u00bboff\u00bb align=\u00bbleft\u00bb always_center_on_mobile=\u00bbon\u00bb use_border_color=\u00bboff\u00bb force_fullwidth=\u00bboff\u00bb animation_direction=\u00bbleft\u00bb animation_style=\u00bbslide\u00bb animation_duration=\u00bb500ms\u00bb animation_intensity_slide=\u00bb10%\u00bb show_bottom_space=\u00bbon\u00bb _builder_version=\u00bb3.0.101&#8243; \/][\/et_pb_column][\/et_pb_row][\/et_pb_section]<\/p>\n","protected":false},"excerpt":{"rendered":"<p>About Micha\u00ebl Gueulette A pesar de hablar 6 idiomas diariamente, Micha\u00ebl eligi\u00f3 actuar en escenarios de todo el mundo y construir una carrera de \u00e9xito sin decir una palabra. No limit\u00f3 su desaf\u00edo en no hablar, tambi\u00e9n decidi\u00f3 actuar sin ninguna demostraci\u00f3n t\u00e9cnica, sin (casi) ning\u00fan material y sin ser grosero con su p\u00fablico &#8230; [&hellip;]<\/p>\n","protected":false},"author":3,"featured_media":0,"parent":0,"menu_order":0,"comment_status":"closed","ping_status":"closed","template":"","meta":{"_et_pb_use_builder":"on","_et_pb_old_content":"","_et_gb_content_width":"","footnotes":""},"class_list":["post-522","page","type-page","status-publish","hentry"],"_links":{"self":[{"href":"https:\/\/michaelgueulette.com\/es\/wp-json\/wp\/v2\/pages\/522","targetHints":{"allow":["GET"]}}],"collection":[{"href":"https:\/\/michaelgueulette.com\/es\/wp-json\/wp\/v2\/pages"}],"about":[{"href":"https:\/\/michaelgueulette.com\/es\/wp-json\/wp\/v2\/types\/page"}],"author":[{"embeddable":true,"href":"https:\/\/michaelgueulette.com\/es\/wp-json\/wp\/v2\/users\/3"}],"replies":[{"embeddable":true,"href":"https:\/\/michaelgueulette.com\/es\/wp-json\/wp\/v2\/comments?post=522"}],"version-history":[{"count":5,"href":"https:\/\/michaelgueulette.com\/es\/wp-json\/wp\/v2\/pages\/522\/revisions"}],"predecessor-version":[{"id":647,"href":"https:\/\/michaelgueulette.com\/es\/wp-json\/wp\/v2\/pages\/522\/revisions\/647"}],"wp:attachment":[{"href":"https:\/\/michaelgueulette.com\/es\/wp-json\/wp\/v2\/media?parent=522"}],"curies":[{"name":"wp","href":"https:\/\/api.w.org\/{rel}","templated":true}]}}